{"id":447,"date":"2022-04-09T19:43:05","date_gmt":"2022-04-09T19:43:05","guid":{"rendered":"http:\/\/511850832.swh.strato-hosting.eu\/wordpress_clone_1649443111\/?page_id=447"},"modified":"2024-12-07T21:12:02","modified_gmt":"2024-12-07T21:12:02","slug":"faq","status":"publish","type":"page","link":"https:\/\/arotattoo.art\/?page_id=447","title":{"rendered":"FAQs"},"content":{"rendered":"\n<div style=\"height:27px\" aria-hidden=\"true\" class=\"wp-block-spacer\"><\/div>\n\n\n\n<p class=\"has-text-align-center\"><\/p>\n\n\n\n<h2 class=\"wp-block-heading has-text-align-center\" id=\"TempTattoos\">TempTattoos<\/h2>\n\n\n\n<h3 class=\"wp-block-heading\">Was ist ein TempTattoo?<\/h3>\n\n\n\n<p style=\"font-size:17px\">Meine TempTattoos sind optisch kaum von einer echten T\u00e4towierung zu unterscheiden. Bei einem TempTattoo wird nur die oberste Hautschicht mit Farbe eingef\u00e4rbt und nicht wie bei einer T\u00e4towierung in die zweite Hautschicht gestochen. Im Gegensatz zu einer T\u00e4towierung sind meine TempTattoos vollkomen schmerzfrei. Da sich die oberste Hautschicht regelm\u00e4\u00dfig erneuert, ist ein TempTattoo nur eine begrenzte Zeit haltbar. Die Haltbarkeit variiert je nach K\u00f6rperstelle, Hauttyp, Beanspruchung und Pflege und liegt bei 5-14 Tagen.<\/p>\n\n\n\n<h3 class=\"wp-block-heading\">Warum ein TempTattoo?<\/h3>\n\n\n\n<p style=\"font-size:17px\">TempTattoos eignen sich hervorragend f\u00fcr diejenigen, die gerne immer wieder unterschiedliche Motive als K\u00f6rperschmuck tragen m\u00f6chten. Auch wer sich noch nicht dauerhaft auf eine bestimmte T\u00e4towierung festgelegt hat, kann damit schon mal das Gef\u00fchl einer &#8220;echten T\u00e4towierung&#8221; erleben.<\/p>\n\n\n\n<p style=\"font-size:17px\">Zudem sind meine TempTattoos bestens f\u00fcr diejenigen geeignet, die sich bereits f\u00fcr eine echte T\u00e4towierung entschieden haben. Auf diese Weise kann die Positionierung auf der K\u00f6rperstelle, das genaue Aussehen auf der Haut und auch die Reaktionen der Personen in Deiner Umgebung schon mal getestet werden.<\/p>\n\n\n\n<h3 class=\"wp-block-heading\">Sind TempTattoos hautvertr\u00e4glich?<\/h3>\n\n\n\n<p style=\"font-size:17px\">F\u00fcr meine TempTattoos verwende ich Naturfarbe von h\u00f6chster Qualit\u00e4t. Sie ist sehr gut hautvertr\u00e4glich und nach der europ\u00e4ischen Kosmetikmittelverordnung f\u00fcr die Anwendung auf der Haut offiziell zugelassen. Eine Allergie kann, wie bei allen Stoffen, auch hier nicht komplett ausgeschlossen werden, ist aber extrem selten.<\/p>\n\n\n\n<p style=\"font-size:17px\">Vorsicht bei Stra\u00dfentattoos, wie sie teilweise auf Jahrm\u00e4rkten, Festivals und an Str\u00e4nden angeboten werden. Dort wird mit oft gesundheitlich bedenklichen Farben, wie zum Beispiel sogenanntem &#8220;schwarzem Henna&#8221;, gearbeitet. Henna, das die Haut schwarz f\u00e4rbt, gibt es jedoch gar nicht. Vielmehr handelt es sich dabei um Mischungen aus gesundheitssch\u00e4dlichen Substanzen, die Hautausschl\u00e4ge, Entz\u00fcndungen und Allergien verursachen k\u00f6nnen und mitunter bleibende Narben hinterlassen. Selbstverst\u00e4ndlich verwende ich solche Produkte nicht!<\/p>\n\n\n\n<h3 class=\"wp-block-heading\">Welcher Farbton ist bei den TempTattoos m\u00f6glich?<\/h3>\n\n\n\n<p style=\"font-size:17px\">F\u00fcr meine TempTattoos verwende ich ausschlie\u00dflich eine nach der europ\u00e4ischen Kosmetikmittelverordnung zugelassene Naturfarbe. Je nach Hauttyp und K\u00f6rperstelle wird ein mittel- bis dunkelblauer Farbton erzielt, der einer echten T\u00e4towierung meist zum Verwechseln \u00e4hnlich sieht. An K\u00f6rperstellen mit dickerer Oberhaut wie z.B. den Handfl\u00e4chen f\u00e4llt das Farbergebnis intensiver aus als an solchen mit d\u00fcnnerer Oberhaut.<\/p>\n\n\n\n<h3 class=\"wp-block-heading\">Wie l\u00e4uft das Ganze ab?<\/h3>\n\n\n\n<p style=\"font-size:17px\">Am Anfang steht die Auswahl des Motivs. Ich biete eine gro\u00dfe Auswahl eigener Motive an und erstelle Dir gerne auch ein pers\u00f6nliches Design nach Deinen Vorstellungen (gegen Aufpreis, Berechnung je nach Aufwand). Wenn Du schon eine Motivvorstellung hast, l\u00e4sst Du mir diese am besten vorab per E-Mail oder WhatsApp zukommen.<\/p>\n\n\n\n<p style=\"font-size:17px\"><\/p>\n\n\n\n<p style=\"font-size:17px\">Nach dem Auftragen des Motivs muss die Farbe bis zu 2 Stunden auf der Haut trocknen, anschlie\u00dfend wird diese entfernt. Zun\u00e4chst wird entweder keine oder nur eine sehr leichte Verf\u00e4rbung sichtbar sein, die in den folgenden Stunden nachdunkelt. Nach ca. 12-24 Stunden ist die Farbe des TempTattoos voll entwickelt. Bitte plane dies ein, wenn Du ein TempTattoo f\u00fcr einen bestimmten Anlass wie eine Hochzeit, einen Geburtstag oder eine Reise haben m\u00f6chtest.<\/p>\n\n\n\n<h3 class=\"wp-block-heading\">Ab welchem Alter kann ich mir ein TempTattoo machen lassen?<\/h3>\n\n\n\n<p style=\"font-size:17px\">Ab 16 Jahren bzw. ab 12 Jahren in Begleitung eines Erziehungsberechtigten.<\/p>\n\n\n\n<h3 class=\"wp-block-heading\">Wie lange h\u00e4lt ein TempTattoo?<\/h3>\n\n\n\n<p style=\"font-size:17px\">Die Haltbarkeit variiert je nach K\u00f6rperstelle, Hauttyp, Beanspruchung und Pflege und liegt bei 5-14 Tagen. Genaue Pflegehinweise erh\u00e4ltst Du direkt im Anschluss Deines Termines.<\/p>\n\n\n\n<p><\/p>\n\n\n\n<h3 class=\"wp-block-heading\">Kann ich mir jedes Motiv aufmalen lassen?<\/h3>\n\n\n\n<p style=\"font-size:17px\">Auf Grund der gelartigen Konsistenz der Naturfarbe sind einfarbige Motive am besten f\u00fcr ein TempTattoo geeignet. Schattierungen k\u00f6nnen nur bis zu einem gewissen Grad dargestellt werden. Einen guten \u00dcberblick, welche Motive machbar sind, kannst Du Dir in meiner <a rel=\"noreferrer noopener\" href=\"\/?page_id=11\" data-type=\"page\" data-id=\"11\" target=\"_blank\">TempTattoo<\/a> Galerie verschaffen.<\/p>\n\n\n\n<p style=\"font-size:17px\">Motive mit politisch radikalem Hintergrund oder beleidigenden Inhalten mache ich nicht.<\/p>\n\n\n\n<h3 class=\"wp-block-heading\">Was kostet ein TempTattoo?<\/h3>\n\n\n\n<p style=\"font-size:17px\">Der Preis eines TempTattoos richtet sich nach Gr\u00f6\u00dfe und Komplexit\u00e4t des Motivs. Ruft mich einfach an oder schickt mir eine WhatsApp!<\/p>\n\n\n\n<h3 class=\"wp-block-heading\">Noch Fragen?<\/h3>\n\n\n\n<p style=\"font-size:17px\">Bei weiteren Fragen kannst Du Dich nat\u00fcrlich gerne per <a href=\"\/?page_id=153\" data-type=\"page\" data-id=\"153\">Telefon<\/a>, <a href=\"\/?page_id=153\" data-type=\"page\" data-id=\"153\">WhatsApp<\/a>, <a href=\"\/?page_id=153\" data-type=\"page\" data-id=\"153\">E-Mail<\/a> oder das <a href=\"\/?page_id=569\" data-type=\"page\" data-id=\"569\">Kontaktformular<\/a> an mich wenden.<\/p>\n\n\n\n<p><\/p>\n","protected":false},"excerpt":{"rendered":"<p>TempTattoos Was ist ein TempTattoo? Meine TempTattoos sind optisch kaum von einer echten T\u00e4towierung zu unterscheiden. Bei einem TempTattoo wird nur die oberste Hautschicht mit Farbe eingef\u00e4rbt und nicht wie bei einer T\u00e4towierung in die zweite Hautschicht gestochen. Im Gegensatz zu einer T\u00e4towierung sind meine TempTattoos vollkomen schmerzfrei. Da sich die oberste Hautschicht regelm\u00e4\u00dfig erneuert, [&hellip;]<\/p>\n","protected":false},"author":1,"featured_media":0,"parent":0,"menu_order":0,"comment_status":"closed","ping_status":"closed","template":"","meta":{"footnotes":""},"yoast_head":"<!-- This site is optimized with the Yoast SEO plugin v23.0 - https:\/\/yoast.com\/wordpress\/plugins\/seo\/ -->\n<title>FAQs - AROTattoo.Art<\/title>\n<meta name=\"description\" content=\"Alles \u00fcber Tattoos. Fragen und Antworten zu Temptattoos und T\u00e4towierungen.\" \/>\n<meta name=\"robots\" content=\"index, follow, max-snippet:-1, max-image-preview:large, max-video-preview:-1\" \/>\n<link rel=\"canonical\" href=\"https:\/\/arotattoo.art\/?page_id=447\" \/>\n<meta property=\"og:locale\" content=\"en_US\" \/>\n<meta property=\"og:type\" content=\"article\" \/>\n<meta property=\"og:title\" content=\"FAQs - AROTattoo.Art\" \/>\n<meta property=\"og:description\" content=\"Alles \u00fcber Tattoos. Fragen und Antworten zu Temptattoos und T\u00e4towierungen.\" \/>\n<meta property=\"og:url\" content=\"https:\/\/arotattoo.art\/?page_id=447\" \/>\n<meta property=\"og:site_name\" content=\"AROTattoo.Art\" \/>\n<meta property=\"article:modified_time\" content=\"2024-12-07T21:12:02+00:00\" \/>\n<meta name=\"twitter:card\" content=\"summary_large_image\" \/>\n<meta name=\"twitter:label1\" content=\"Est. reading time\" \/>\n\t<meta name=\"twitter:data1\" content=\"3 minutes\" \/>\n<script type=\"application\/ld+json\" class=\"yoast-schema-graph\">{\"@context\":\"https:\/\/schema.org\",\"@graph\":[{\"@type\":\"WebPage\",\"@id\":\"https:\/\/arotattoo.art\/?page_id=447\",\"url\":\"https:\/\/arotattoo.art\/?page_id=447\",\"name\":\"FAQs - AROTattoo.Art\",\"isPartOf\":{\"@id\":\"https:\/\/arotattoo.art\/#website\"},\"datePublished\":\"2022-04-09T19:43:05+00:00\",\"dateModified\":\"2024-12-07T21:12:02+00:00\",\"description\":\"Alles \u00fcber Tattoos. Fragen und Antworten zu Temptattoos und T\u00e4towierungen.\",\"breadcrumb\":{\"@id\":\"https:\/\/arotattoo.art\/?page_id=447#breadcrumb\"},\"inLanguage\":\"en-US\",\"potentialAction\":[{\"@type\":\"ReadAction\",\"target\":[\"https:\/\/arotattoo.art\/?page_id=447\"]}]},{\"@type\":\"BreadcrumbList\",\"@id\":\"https:\/\/arotattoo.art\/?page_id=447#breadcrumb\",\"itemListElement\":[{\"@type\":\"ListItem\",\"position\":1,\"name\":\"Home\",\"item\":\"https:\/\/arotattoo.art\/\"},{\"@type\":\"ListItem\",\"position\":2,\"name\":\"FAQs\"}]},{\"@type\":\"WebSite\",\"@id\":\"https:\/\/arotattoo.art\/#website\",\"url\":\"https:\/\/arotattoo.art\/\",\"name\":\"AROTattoo.Art\",\"description\":\"Exklusive Kunst - Ornamente - TempTattoos\",\"publisher\":{\"@id\":\"https:\/\/arotattoo.art\/#organization\"},\"potentialAction\":[{\"@type\":\"SearchAction\",\"target\":{\"@type\":\"EntryPoint\",\"urlTemplate\":\"https:\/\/arotattoo.art\/?s={search_term_string}\"},\"query-input\":\"required name=search_term_string\"}],\"inLanguage\":\"en-US\"},{\"@type\":\"Organization\",\"@id\":\"https:\/\/arotattoo.art\/#organization\",\"name\":\"AROTattoo.Art\",\"url\":\"https:\/\/arotattoo.art\/\",\"logo\":{\"@type\":\"ImageObject\",\"inLanguage\":\"en-US\",\"@id\":\"https:\/\/arotattoo.art\/#\/schema\/logo\/image\/\",\"url\":\"https:\/\/arotattoo.art\/wp-content\/uploads\/2022\/04\/cropped-AroTattooArtLogoWeissGross.png\",\"contentUrl\":\"https:\/\/arotattoo.art\/wp-content\/uploads\/2022\/04\/cropped-AroTattooArtLogoWeissGross.png\",\"width\":148,\"height\":88,\"caption\":\"AROTattoo.Art\"},\"image\":{\"@id\":\"https:\/\/arotattoo.art\/#\/schema\/logo\/image\/\"},\"sameAs\":[\"https:\/\/www.instagram.com\/aro_tattoo_art\/\"]}]}<\/script>\n<!-- \/ Yoast SEO plugin. -->","yoast_head_json":{"title":"FAQs - AROTattoo.Art","description":"Alles \u00fcber Tattoos. Fragen und Antworten zu Temptattoos und T\u00e4towierungen.","robots":{"index":"index","follow":"follow","max-snippet":"max-snippet:-1","max-image-preview":"max-image-preview:large","max-video-preview":"max-video-preview:-1"},"canonical":"https:\/\/arotattoo.art\/?page_id=447","og_locale":"en_US","og_type":"article","og_title":"FAQs - AROTattoo.Art","og_description":"Alles \u00fcber Tattoos. Fragen und Antworten zu Temptattoos und T\u00e4towierungen.","og_url":"https:\/\/arotattoo.art\/?page_id=447","og_site_name":"AROTattoo.Art","article_modified_time":"2024-12-07T21:12:02+00:00","twitter_card":"summary_large_image","twitter_misc":{"Est. reading time":"3 minutes"},"schema":{"@context":"https:\/\/schema.org","@graph":[{"@type":"WebPage","@id":"https:\/\/arotattoo.art\/?page_id=447","url":"https:\/\/arotattoo.art\/?page_id=447","name":"FAQs - AROTattoo.Art","isPartOf":{"@id":"https:\/\/arotattoo.art\/#website"},"datePublished":"2022-04-09T19:43:05+00:00","dateModified":"2024-12-07T21:12:02+00:00","description":"Alles \u00fcber Tattoos. Fragen und Antworten zu Temptattoos und T\u00e4towierungen.","breadcrumb":{"@id":"https:\/\/arotattoo.art\/?page_id=447#breadcrumb"},"inLanguage":"en-US","potentialAction":[{"@type":"ReadAction","target":["https:\/\/arotattoo.art\/?page_id=447"]}]},{"@type":"BreadcrumbList","@id":"https:\/\/arotattoo.art\/?page_id=447#breadcrumb","itemListElement":[{"@type":"ListItem","position":1,"name":"Home","item":"https:\/\/arotattoo.art\/"},{"@type":"ListItem","position":2,"name":"FAQs"}]},{"@type":"WebSite","@id":"https:\/\/arotattoo.art\/#website","url":"https:\/\/arotattoo.art\/","name":"AROTattoo.Art","description":"Exklusive Kunst - Ornamente - TempTattoos","publisher":{"@id":"https:\/\/arotattoo.art\/#organization"},"potentialAction":[{"@type":"SearchAction","target":{"@type":"EntryPoint","urlTemplate":"https:\/\/arotattoo.art\/?s={search_term_string}"},"query-input":"required name=search_term_string"}],"inLanguage":"en-US"},{"@type":"Organization","@id":"https:\/\/arotattoo.art\/#organization","name":"AROTattoo.Art","url":"https:\/\/arotattoo.art\/","logo":{"@type":"ImageObject","inLanguage":"en-US","@id":"https:\/\/arotattoo.art\/#\/schema\/logo\/image\/","url":"https:\/\/arotattoo.art\/wp-content\/uploads\/2022\/04\/cropped-AroTattooArtLogoWeissGross.png","contentUrl":"https:\/\/arotattoo.art\/wp-content\/uploads\/2022\/04\/cropped-AroTattooArtLogoWeissGross.png","width":148,"height":88,"caption":"AROTattoo.Art"},"image":{"@id":"https:\/\/arotattoo.art\/#\/schema\/logo\/image\/"},"sameAs":["https:\/\/www.instagram.com\/aro_tattoo_art\/"]}]}},"_links":{"self":[{"href":"https:\/\/arotattoo.art\/index.php?rest_route=\/wp\/v2\/pages\/447"}],"collection":[{"href":"https:\/\/arotattoo.art\/index.php?rest_route=\/wp\/v2\/pages"}],"about":[{"href":"https:\/\/arotattoo.art\/index.php?rest_route=\/wp\/v2\/types\/page"}],"author":[{"embeddable":true,"href":"https:\/\/arotattoo.art\/index.php?rest_route=\/wp\/v2\/users\/1"}],"replies":[{"embeddable":true,"href":"https:\/\/arotattoo.art\/index.php?rest_route=%2Fwp%2Fv2%2Fcomments&post=447"}],"version-history":[{"count":48,"href":"https:\/\/arotattoo.art\/index.php?rest_route=\/wp\/v2\/pages\/447\/revisions"}],"predecessor-version":[{"id":1463,"href":"https:\/\/arotattoo.art\/index.php?rest_route=\/wp\/v2\/pages\/447\/revisions\/1463"}],"wp:attachment":[{"href":"https:\/\/arotattoo.art\/index.php?rest_route=%2Fwp%2Fv2%2Fmedia&parent=447"}],"curies":[{"name":"wp","href":"https:\/\/api.w.org\/{rel}","templated":true}]}}